{"id":4,"date":"2012-01-28T19:55:35","date_gmt":"2012-01-28T19:55:35","guid":{"rendered":"http:\/\/www.conorte.com.ar\/wordpress\/?page_id=4"},"modified":"2013-02-22T02:11:56","modified_gmt":"2013-02-22T02:11:56","slug":"historia","status":"publish","type":"page","link":"http:\/\/www.conorte.com.ar\/wordpress\/?page_id=4","title":{"rendered":"Historia"},"content":{"rendered":"<p>El 16 de Julio de 1933 en la Biblioteca Juan Madero de San Fernando, once visionarios odont\u00f3logos firmaban el Acta fundacional del C\u00edrculo Odontol\u00f3gico del Norte \u201cNacido de la necesidad experimentada por la profesi\u00f3n de salir en defensa de sus fueros, lesionados por un ambiente de apat\u00eda que hac\u00eda se mantuviera en olvido, en una ma\u00f1ana ya remota reuni\u00e9ndose algunos colegas actuantes en nuestra zona, y ante la incredulidad de unos y el escepticismo de los otros, produjeron el nacimiento de una Instituci\u00f3n que, traspuestos ya los lindes de la adolescencia se acerca sana y vigorosa a su mayor\u00eda de edad.\u201d Estos son algunos p\u00e1rrafos de viejas cr\u00f3nicas, con que distinguidos colegas, algunos de los fundadores, festejaban los primeros diez a\u00f1os de nuestro C\u00edrculo Odontol\u00f3gico del Norte.<\/p>\n<p>En aquellos d\u00edas, nuestro C\u00edrculo desarrollaba sus actividades en un local en San Fernando, que compart\u00edan con la Escuela Espiritista Basilio, cosa que desconcertaba a los demostradores que concurr\u00edan al dictado de cursos, con un enorme cartel en el frente del local, que daba lugar a chistes y an\u00e9cdotas de todo tipo. Cientos de dirigentes colaboraron con sus propios avales para conseguir sus nuevas sedes y marcaron su impronta en el desarrollo de tantas actividades y tantos logros. Sus socios, que constituyeron siempre la raz\u00f3n de ser del C\u00edrculo, cimentaron con su presencia y apoyo, cuanta actividad cient\u00edfica, cultural y de postgrado se desarrollara.<\/p>\n<p>A lo largo del camino recorrido, el C.O.N. ha sabido conquistarse un lugar en el medio profesional, destac\u00e1ndose por sus definidos caracteres propios, que lo han hecho acreedor al respeto y la consideraci\u00f3n de las Instituciones hermanas. Ese d\u00eda, nace a la vida institucional, arrebujado por el c\u00e1lido amparo del optimismo de unos pocos visionarios, nuestro C\u00edrculo Odontol\u00f3gico del Norte.<\/p>\n","protected":false},"excerpt":{"rendered":"<p>El 16 de Julio de 1933 en la Biblioteca Juan Madero de San Fernando, once visionarios odont\u00f3logos firmaban el Acta fundacional del C\u00edrculo Odontol\u00f3gico del Norte \u201cNacido de la necesidad experimentada por la profesi\u00f3n de salir en defensa de sus [&hellip;]<\/p>\n","protected":false},"author":1,"featured_media":0,"parent":0,"menu_order":5,"comment_status":"open","ping_status":"closed","template":"","meta":{"footnotes":""},"_links":{"self":[{"href":"http:\/\/www.conorte.com.ar\/wordpress\/index.php?rest_route=\/wp\/v2\/pages\/4"}],"collection":[{"href":"http:\/\/www.conorte.com.ar\/wordpress\/index.php?rest_route=\/wp\/v2\/pages"}],"about":[{"href":"http:\/\/www.conorte.com.ar\/wordpress\/index.php?rest_route=\/wp\/v2\/types\/page"}],"author":[{"embeddable":true,"href":"http:\/\/www.conorte.com.ar\/wordpress\/index.php?rest_route=\/wp\/v2\/users\/1"}],"replies":[{"embeddable":true,"href":"http:\/\/www.conorte.com.ar\/wordpress\/index.php?rest_route=%2Fwp%2Fv2%2Fcomments&post=4"}],"version-history":[{"count":4,"href":"http:\/\/www.conorte.com.ar\/wordpress\/index.php?rest_route=\/wp\/v2\/pages\/4\/revisions"}],"predecessor-version":[{"id":153,"href":"http:\/\/www.conorte.com.ar\/wordpress\/index.php?rest_route=\/wp\/v2\/pages\/4\/revisions\/153"}],"wp:attachment":[{"href":"http:\/\/www.conorte.com.ar\/wordpress\/index.php?rest_route=%2Fwp%2Fv2%2Fmedia&parent=4"}],"curies":[{"name":"wp","href":"https:\/\/api.w.org\/{rel}","templated":true}]}}