{"id":221,"date":"2013-02-24T14:28:54","date_gmt":"2013-02-24T14:28:54","guid":{"rendered":"http:\/\/www.conorte.com.ar\/wordpress\/?page_id=221"},"modified":"2026-01-19T16:58:24","modified_gmt":"2026-01-19T16:58:24","slug":"cartelera","status":"publish","type":"page","link":"http:\/\/www.conorte.com.ar\/wordpress\/?page_id=221","title":{"rendered":"Cartelera"},"content":{"rendered":"<h3 style=\"text-align: center;\"><\/h3>\n<p style=\"text-align: center;\"><strong><u>CRONOGRAMA DIAS DE ENTREGA<\/u><\/strong><\/p>\n<p style=\"text-align: center;\"><strong><u>2026<\/u><\/strong><\/p>\n<h3 style=\"text-align: center;\"><\/h3>\n<p>Se deber\u00e1n entregar los dos sobres rotulados como siempre agreg\u00e1ndole el listado de las obras sociales que contiene. Recordamos que un sobre contiene por un lado <strong>IOMA-AVALIAN-OSMATA-OSPEPBA<\/strong> y el otro sobre <strong>el resto de las Obras Sociales<\/strong>. Las obras sociales <strong>SANCOR, MEDICUS, PREVENCION SALUD, MEDIFE y AVALIAN<\/strong> deber\u00e1n separarse tambi\u00e9n con una gomita el\u00e1stica dentro del sobre por <strong>Gravado <\/strong>o <strong>EXENTO.<\/strong><\/p>\n<p>Estamos de lunes a viernes de 9 a 16 hs. por si desean entregar los sobres antes de las fechas tope.<\/p>\n<p>Aquellas que ingresen fuera de t\u00e9rmino lamentablemente su facturaci\u00f3n ser\u00e1 delegada para el mes siguiente.<\/p>\n<p>&nbsp;<\/p>\n<h3 style=\"text-align: center;\"><strong>FECHAS DE ENTREGA<\/strong><\/h3>\n<table style=\"height: 372px;\" width=\"578\">\n<tbody>\n<tr>\n<td width=\"190\">\n<h5 style=\"text-align: left;\">MES FACTURADO<\/h5>\n<\/td>\n<td width=\"127\">\n<h5 style=\"text-align: center;\">FECHA TOPE<\/h5>\n<\/td>\n<\/tr>\n<tr>\n<td>\n<h4>ENERO<\/h4>\n<\/td>\n<td style=\"text-align: center;\">\n<h4>13\/1\/2026<\/h4>\n<\/td>\n<\/tr>\n<tr>\n<td>\n<h4>FEBRERO<\/h4>\n<\/td>\n<td style=\"text-align: center;\">\n<h4>12\/2\/2026<\/h4>\n<\/td>\n<\/tr>\n<tr>\n<td>\n<h4>MARZO<\/h4>\n<\/td>\n<td style=\"text-align: center;\">\n<h4>16\/3\/2026<\/h4>\n<\/td>\n<\/tr>\n<tr>\n<td>\n<h4>ABRIL<\/h4>\n<\/td>\n<td style=\"text-align: center;\">\n<h4>13\/4\/2026<\/h4>\n<\/td>\n<\/tr>\n<tr>\n<td>\n<h4>MAYO<\/h4>\n<\/td>\n<td style=\"text-align: center;\">\n<h4>13\/5\/2026<\/h4>\n<\/td>\n<\/tr>\n<tr>\n<td>\n<h4>JUNIO<\/h4>\n<\/td>\n<td style=\"text-align: center;\">\n<h4>12\/6\/2026<\/h4>\n<\/td>\n<\/tr>\n<tr>\n<td>\n<h4>JULIO<\/h4>\n<\/td>\n<td style=\"text-align: center;\">\n<h4>15\/7\/2026<\/h4>\n<\/td>\n<\/tr>\n<tr>\n<td>\n<h4>AGOSTO<\/h4>\n<\/td>\n<td style=\"text-align: center;\">\n<h4>13\/8\/2026<\/h4>\n<\/td>\n<\/tr>\n<tr>\n<td>\n<h4>SETIEMBRE<\/h4>\n<\/td>\n<td style=\"text-align: center;\">\n<h4>16\/9\/2026<\/h4>\n<\/td>\n<\/tr>\n<tr>\n<td>\n<h4>OCTUBRE<\/h4>\n<\/td>\n<td style=\"text-align: center;\">\n<h4>14\/10\/2026<\/h4>\n<\/td>\n<\/tr>\n<tr>\n<td>\n<h4>NOVIEMBRE<\/h4>\n<\/td>\n<td style=\"text-align: center;\">\n<h4>13\/11\/2026<\/h4>\n<\/td>\n<\/tr>\n<tr>\n<td>\n<h4>DICIEMBRE<\/h4>\n<\/td>\n<td style=\"text-align: center;\">\n<h4>14\/12\/2026<\/h4>\n<\/td>\n<\/tr>\n<\/tbody>\n<\/table>\n<p>&nbsp;<\/p>\n","protected":false},"excerpt":{"rendered":"<p>CRONOGRAMA DIAS DE ENTREGA 2026 Se deber\u00e1n entregar los dos sobres rotulados como siempre agreg\u00e1ndole el listado de las obras sociales que contiene. Recordamos que un sobre contiene por un lado IOMA-AVALIAN-OSMATA-OSPEPBA y el otro sobre el resto de las [&hellip;]<\/p>\n","protected":false},"author":1,"featured_media":0,"parent":0,"menu_order":0,"comment_status":"closed","ping_status":"closed","template":"","meta":{"footnotes":""},"_links":{"self":[{"href":"http:\/\/www.conorte.com.ar\/wordpress\/index.php?rest_route=\/wp\/v2\/pages\/221"}],"collection":[{"href":"http:\/\/www.conorte.com.ar\/wordpress\/index.php?rest_route=\/wp\/v2\/pages"}],"about":[{"href":"http:\/\/www.conorte.com.ar\/wordpress\/index.php?rest_route=\/wp\/v2\/types\/page"}],"author":[{"embeddable":true,"href":"http:\/\/www.conorte.com.ar\/wordpress\/index.php?rest_route=\/wp\/v2\/users\/1"}],"replies":[{"embeddable":true,"href":"http:\/\/www.conorte.com.ar\/wordpress\/index.php?rest_route=%2Fwp%2Fv2%2Fcomments&post=221"}],"version-history":[{"count":44,"href":"http:\/\/www.conorte.com.ar\/wordpress\/index.php?rest_route=\/wp\/v2\/pages\/221\/revisions"}],"predecessor-version":[{"id":5184,"href":"http:\/\/www.conorte.com.ar\/wordpress\/index.php?rest_route=\/wp\/v2\/pages\/221\/revisions\/5184"}],"wp:attachment":[{"href":"http:\/\/www.conorte.com.ar\/wordpress\/index.php?rest_route=%2Fwp%2Fv2%2Fmedia&parent=221"}],"curies":[{"name":"wp","href":"https:\/\/api.w.org\/{rel}","templated":true}]}}