{"id":178,"date":"2013-02-23T22:00:51","date_gmt":"2013-02-23T22:00:51","guid":{"rendered":"http:\/\/www.conorte.com.ar\/wordpress\/?page_id=178"},"modified":"2026-01-19T16:30:12","modified_gmt":"2026-01-19T16:30:12","slug":"agenda-2013","status":"publish","type":"page","link":"http:\/\/www.conorte.com.ar\/wordpress\/?page_id=178","title":{"rendered":"Agenda 2026"},"content":{"rendered":"<p>San Isidro, Diciembre de 2022.-<\/p>\n<p>Estimado Socio:<\/p>\n<h3 style=\"text-align: center\">CONVOCATORIA<\/h3>\n<h3 style=\"text-align: center\">ASAMBLEA GENERAL ORDINARIA<\/h3>\n<p>&nbsp;<\/p>\n<p>Conforme al art\u00edculo 77 de nuestros Estatutos Sociales y de acuerdo con disposiciones de esa Direcci\u00f3n, se cita para el pr\u00f3ximo 04 de Enero de 2023, a las 11,00 hs, para llevar a cabo en nuestra Sede Social de Av. Libertador 16056 de esta Ciudad, la Asamblea General Ordinaria, correspondiente al ejercicio finalizado el 31\/10\/22 para tratar el siguiente;<\/p>\n<p>ORDEN DEL DIA<\/p>\n<p>1.-Lectura y consideraci\u00f3n de la Memoria, Balance General y Estado de resultados del Ejercicio terminado el 31\/10\/2022.-<\/p>\n<p>&nbsp;<\/p>\n<p>&nbsp;<\/p>\n<p style=\"text-align: center\">Dra. Virginia Ab\u00e9&nbsp;&nbsp;&nbsp; &nbsp;&nbsp;&nbsp;&nbsp;&nbsp;&nbsp;&nbsp;&nbsp;&nbsp;&nbsp;&nbsp;&nbsp;&nbsp;&nbsp;&nbsp;Dra. Marina Galan<\/p>\n<p style=\"text-align: center\">Secretaria &nbsp;&nbsp;&nbsp;&nbsp;&nbsp;&nbsp;&nbsp;&nbsp;&nbsp;&nbsp;&nbsp;&nbsp;&nbsp;&nbsp;&nbsp;&nbsp;&nbsp;&nbsp;&nbsp;&nbsp;&nbsp;&nbsp;&nbsp;&nbsp;&nbsp;&nbsp;&nbsp;&nbsp;&nbsp;&nbsp;&nbsp;&nbsp;&nbsp;Presidente<\/p>\n<p>&nbsp;<\/p>\n<p><strong>Nota:<\/strong> Art\u00edculo 88: Si a la hora anunciada para la Asamblea no se encontrare presente la mitad m\u00e1s uno de la totalidad de los socios con derecho a voto, se constituir\u00e1 en segunda convocatoria una hora despu\u00e9s, con el n\u00famero que hubiera concurrido.<\/p>\n<hr>\n<p>&nbsp;<\/p>\n<p>San Isidro, Noviembre de 2022.-<\/p>\n<p>Estimado Socio:<\/p>\n<p>&nbsp;<\/p>\n<h3 style=\"text-align: center\">CONVOCATORIA<\/h3>\n<h3 style=\"text-align: center\">ASAMBLEA &nbsp;GENERAL ORDINARIA<\/h3>\n<p>&nbsp;<\/p>\n<p>Conforme al art\u00edculo 77 de nuestros Estatutos Sociales y de acuerdo con disposiciones de esa Direcci\u00f3n, se cita para el pr\u00f3ximo 16 de Diciembre de 2022, a las 11,00 hs, para llevar a cabo en nuestra Sede Social de Av. Libertador 16056 de esta Ciudad, la Asamblea General Ordinaria, correspondiente al ejercicio finalizado el 31\/10\/22 para tratar el siguiente;<\/p>\n<p>ORDEN DEL DIA<\/p>\n<p>1.-Lectura y consideraci\u00f3n Acta anterior.<\/p>\n<p>2.-Lectura y consideraci\u00f3n de la Memoria, Balance General y Estado de resultados del Ejercicio terminado el 31\/10\/2022.-<\/p>\n<p>3.-Elecci\u00f3n de las nuevas autoridades para el periodo 2022\/2023. Cargos a renovar:<\/p>\n<ol>\n<li>a) Vicepresidente (por pasar el actual autom\u00e1ticamente a Presidente seg\u00fan el Art.33 de los Estatutos).<\/li>\n<\/ol>\n<ol>\n<li>b) 3 Vocales Titulares: en reemplazo de los Doctores; por Art. 33, Garofalo Gonzalo, Schuj Rom\u00e1n y Bessopeanetto Stella.<\/li>\n<\/ol>\n<ol>\n<li>c) 4 Vocales Suplentes: en reemplazo de los Doctores; por Art. 33, Ortiz Gloria, Salerno Graciela, Bevacqua Adriana y Nicoli Ver\u00f3nica.<\/li>\n<\/ol>\n<ol>\n<li>d) 2 Delegados de Zona Titulares: en reemplazo de los Doctores; por Art. 33, Correa Colombo Gabriela y Carilli Javier.<\/li>\n<\/ol>\n<ol>\n<li>e) 4 Delegados de Zona Suplentes: en reemplazo de los Doctores; por Art. 33, Canosa Celia, Sanda Jorge, Palermo Nicol\u00e1s y Buyo Mar\u00eda Aurora.<\/li>\n<\/ol>\n<ol>\n<li>f) 1 Vocal Titular de Comisi\u00f3n Revisora de cuentas: en remplazo de la Doctora; por Art. 33, Cassino Mar\u00eda Cristina.<\/li>\n<\/ol>\n<ol>\n<li>g) 2 Vocales Suplentes de Comisi\u00f3n Revisora de cuentas: en remplazo de los Doctores; por Art. 33, Crawley Eduardo y Bevacqua Adriana.<\/li>\n<\/ol>\n<ol>\n<li>h) Elecci\u00f3n de 2 Miembros Suplentes de Tribunal de Honor: en reemplazo de los Doctores, por Art. 33, Ceccotti Eduardo y Haberstich Carmen.<\/li>\n<\/ol>\n<p>4.-Elecci\u00f3n de 2 socios para firmar el Acta.-<\/p>\n<p>&nbsp;<\/p>\n<p>&nbsp;<\/p>\n<p style=\"text-align: center\">Dra. Virginia Ab\u00e9&nbsp;&nbsp;&nbsp; &nbsp;&nbsp;&nbsp;&nbsp;&nbsp;&nbsp;&nbsp;&nbsp;&nbsp;&nbsp;&nbsp;&nbsp;&nbsp;&nbsp;&nbsp;Dra. Marta Villegas<\/p>\n<p style=\"text-align: center\">Secretaria &nbsp;&nbsp;&nbsp;&nbsp;&nbsp;&nbsp;&nbsp;&nbsp;&nbsp;&nbsp;&nbsp;&nbsp;&nbsp;&nbsp;&nbsp;&nbsp;&nbsp;&nbsp;&nbsp;&nbsp;&nbsp;&nbsp;&nbsp;&nbsp;&nbsp;&nbsp;&nbsp;&nbsp;&nbsp;&nbsp;&nbsp;&nbsp;&nbsp;Presidente<\/p>\n<p>&nbsp;<\/p>\n<p><strong>Nota:<\/strong> Art\u00edculo 88: Si a la hora anunciada para la Asamblea no se encontrare presente la mitad m\u00e1s uno de la totalidad de los socios con derecho a voto, se constituir\u00e1 en segunda convocatoria una hora despu\u00e9s, con el n\u00famero que hubiera concurrido.<\/p>\n","protected":false},"excerpt":{"rendered":"<p>San Isidro, Diciembre de 2022.- Estimado Socio: CONVOCATORIA ASAMBLEA GENERAL ORDINARIA &nbsp; Conforme al art\u00edculo 77 de nuestros Estatutos Sociales y de acuerdo con disposiciones de esa Direcci\u00f3n, se cita para el pr\u00f3ximo 04 de Enero de 2023, a las [&hellip;]<\/p>\n","protected":false},"author":1,"featured_media":0,"parent":0,"menu_order":2,"comment_status":"closed","ping_status":"closed","template":"","meta":{"footnotes":""},"_links":{"self":[{"href":"http:\/\/www.conorte.com.ar\/wordpress\/index.php?rest_route=\/wp\/v2\/pages\/178"}],"collection":[{"href":"http:\/\/www.conorte.com.ar\/wordpress\/index.php?rest_route=\/wp\/v2\/pages"}],"about":[{"href":"http:\/\/www.conorte.com.ar\/wordpress\/index.php?rest_route=\/wp\/v2\/types\/page"}],"author":[{"embeddable":true,"href":"http:\/\/www.conorte.com.ar\/wordpress\/index.php?rest_route=\/wp\/v2\/users\/1"}],"replies":[{"embeddable":true,"href":"http:\/\/www.conorte.com.ar\/wordpress\/index.php?rest_route=%2Fwp%2Fv2%2Fcomments&post=178"}],"version-history":[{"count":34,"href":"http:\/\/www.conorte.com.ar\/wordpress\/index.php?rest_route=\/wp\/v2\/pages\/178\/revisions"}],"predecessor-version":[{"id":5178,"href":"http:\/\/www.conorte.com.ar\/wordpress\/index.php?rest_route=\/wp\/v2\/pages\/178\/revisions\/5178"}],"wp:attachment":[{"href":"http:\/\/www.conorte.com.ar\/wordpress\/index.php?rest_route=%2Fwp%2Fv2%2Fmedia&parent=178"}],"curies":[{"name":"wp","href":"https:\/\/api.w.org\/{rel}","templated":true}]}}