{"id":173,"date":"2013-02-23T03:27:29","date_gmt":"2013-02-23T03:27:29","guid":{"rendered":"http:\/\/www.conorte.com.ar\/wordpress\/?page_id=173"},"modified":"2023-01-25T18:38:31","modified_gmt":"2023-01-25T18:38:31","slug":"areas-de-trabajo","status":"publish","type":"page","link":"http:\/\/www.conorte.com.ar\/wordpress\/?page_id=173","title":{"rendered":"Areas de Trabajo"},"content":{"rendered":"<p>Para comunicarse telef\u00f3nicamente, llame al 4743-9764<br \/>\nSeguido del Interno del \u00c1rea.<\/p>\n<p><strong>\u00c1rea Administrativa:<br \/>\n<\/strong>Secretaria Victoria Proia<br \/>\nInt. 11<\/p>\n<p><strong>\u00c1rea de Liquidaciones:<\/strong><br \/>\nSecretaria Victoria Proia<br \/>\nInt. 12<\/p>\n<p><strong>Maestranza:<br \/>\n<\/strong>Claudia Cisneros<\/p>\n","protected":false},"excerpt":{"rendered":"<p>Para comunicarse telef\u00f3nicamente, llame al 4743-9764 Seguido del Interno del \u00c1rea. \u00c1rea Administrativa: Secretaria Victoria Proia Int. 11 \u00c1rea de Liquidaciones: Secretaria Victoria Proia Int. 12 Maestranza: Claudia Cisneros<\/p>\n","protected":false},"author":1,"featured_media":0,"parent":0,"menu_order":1,"comment_status":"closed","ping_status":"closed","template":"","meta":{"footnotes":""},"_links":{"self":[{"href":"http:\/\/www.conorte.com.ar\/wordpress\/index.php?rest_route=\/wp\/v2\/pages\/173"}],"collection":[{"href":"http:\/\/www.conorte.com.ar\/wordpress\/index.php?rest_route=\/wp\/v2\/pages"}],"about":[{"href":"http:\/\/www.conorte.com.ar\/wordpress\/index.php?rest_route=\/wp\/v2\/types\/page"}],"author":[{"embeddable":true,"href":"http:\/\/www.conorte.com.ar\/wordpress\/index.php?rest_route=\/wp\/v2\/users\/1"}],"replies":[{"embeddable":true,"href":"http:\/\/www.conorte.com.ar\/wordpress\/index.php?rest_route=%2Fwp%2Fv2%2Fcomments&post=173"}],"version-history":[{"count":11,"href":"http:\/\/www.conorte.com.ar\/wordpress\/index.php?rest_route=\/wp\/v2\/pages\/173\/revisions"}],"predecessor-version":[{"id":3631,"href":"http:\/\/www.conorte.com.ar\/wordpress\/index.php?rest_route=\/wp\/v2\/pages\/173\/revisions\/3631"}],"wp:attachment":[{"href":"http:\/\/www.conorte.com.ar\/wordpress\/index.php?rest_route=%2Fwp%2Fv2%2Fmedia&parent=173"}],"curies":[{"name":"wp","href":"https:\/\/api.w.org\/{rel}","templated":true}]}}